{"id":200,"date":"2022-11-03T07:30:15","date_gmt":"2022-11-03T07:30:15","guid":{"rendered":"https:\/\/www.laquintajusta.cat\/politica-privacidad\/"},"modified":"2024-07-16T14:04:54","modified_gmt":"2024-07-16T14:04:54","slug":"politica-privacidad","status":"publish","type":"page","link":"https:\/\/www.laquintajusta.cat\/es\/politica-privacidad\/","title":{"rendered":"Pol\u00edtica de privacidad"},"content":{"rendered":"[vc_row type=\u00bbin_container\u00bb full_screen_row_position=\u00bbmiddle\u00bb column_margin=\u00bbdefault\u00bb column_direction=\u00bbdefault\u00bb column_direction_tablet=\u00bbdefault\u00bb column_direction_phone=\u00bbdefault\u00bb scene_position=\u00bbcenter\u00bb text_color=\u00bbdark\u00bb text_align=\u00bbleft\u00bb row_border_radius=\u00bbnone\u00bb row_border_radius_applies=\u00bbbg\u00bb overflow=\u00bbvisible\u00bb overlay_strength=\u00bb0.3&#8243; gradient_direction=\u00bbleft_to_right\u00bb shape_divider_position=\u00bbbottom\u00bb bg_image_animation=\u00bbnone\u00bb][vc_column column_padding=\u00bbno-extra-padding\u00bb column_padding_tablet=\u00bbinherit\u00bb column_padding_phone=\u00bbinherit\u00bb column_padding_position=\u00bball\u00bb column_element_direction_desktop=\u00bbdefault\u00bb column_element_spacing=\u00bbdefault\u00bb desktop_text_alignment=\u00bbdefault\u00bb tablet_text_alignment=\u00bbdefault\u00bb phone_text_alignment=\u00bbdefault\u00bb background_color_opacity=\u00bb1&#8243; background_hover_color_opacity=\u00bb1&#8243; column_backdrop_filter=\u00bbnone\u00bb column_shadow=\u00bbnone\u00bb column_border_radius=\u00bbnone\u00bb column_link_target=\u00bb_self\u00bb column_position=\u00bbdefault\u00bb gradient_direction=\u00bbleft_to_right\u00bb overlay_strength=\u00bb0.3&#8243; width=\u00bb1\/1&#8243; tablet_width_inherit=\u00bbdefault\u00bb animation_type=\u00bbdefault\u00bb bg_image_animation=\u00bbnone\u00bb border_type=\u00bbsimple\u00bb column_border_width=\u00bbnone\u00bb column_border_style=\u00bbsolid\u00bb][vc_column_text text_direction=\u00bbdefault\u00bb]\n<h2>DATOS DE LA EMPRESA<\/h2>\n<p>En cumplimiento del art\u00edculo 10 de la Ley 34\/2002, de 11 de julio, de Servicios de la Sociedad de la Informaci\u00f3n y Comercio Electr\u00f3nico (LSSI) se exponen los datos identificativos de la empresa.<\/p>\n<ul>\n<li>NOMBRE COMERCIAL: RESTAURANTE LA QUINTA JUSTA<\/li>\n<li>DENOMINACI\u00d3N SOCIAL: CHICO SC CIF: J55105258<\/li>\n<li>DOMICILIO SOCIAL: Ps. Barcelona, \u200b\u200b7 \u2013 17800 Olot (Gerona)<\/li>\n<li>TEL\u00c9FONO: 972 271209<\/li>\n<li>DIRECCI\u00d3N DE CORREO ELECTR\u00d3NICO: info@laquintajusta.cat<\/li>\n<\/ul>\n<h2>PROTECCI\u00d3N DE DATOS PERSONALES Y COMERCIO ELECTR\u00d3NICO<\/h2>\n<p>El acceso del cliente al sitio web y la adquisici\u00f3n de los productos, servicios y\/o uso de contenidos a trav\u00e9s del sitio web puede implicar el tratamiento de datos de car\u00e1cter personal.<\/p>\n<p>XICOL SC se compromete a proteger la privacidad de sus clientes y usuarios que accedan a la presente web garantizando la confidencialidad de los datos de car\u00e1cter personal y sobre servicios de la sociedad de la informaci\u00f3n y de comercio electr\u00f3nico.<\/p>\n<p>XICOL SC cumple con la legislaci\u00f3n vigente en materia de protecci\u00f3n de datos a trav\u00e9s de los procedimientos administrativos necesarios para garantizar la seguridad de los datos recopilados.<\/p>\n<ul>\n<li>La utilizaci\u00f3n de la web implica la aceptaci\u00f3n por parte del usuario de la<br \/>\nPol\u00edtica de Protecci\u00f3n de Datos y que sus datos personales sean tratados seg\u00fan se estipula en la misma. Esta pol\u00edtica de protecci\u00f3n de datos es aplicable exclusivamente a esta web.<\/li>\n<li>Derecho de informaci\u00f3n: en virtud de lo establecido en la Ley Org\u00e1nica 15\/1999, de 13 de diciembre, sobre Protecci\u00f3n de Datos de Car\u00e1cter Personal.<\/li>\n<li>Finalidad: los datos de los usuarios recogidos mediante nuestra p\u00e1gina web o mediante mensajes de correo electr\u00f3nico, ser\u00e1n utilizados con la finalidad de ofrecer informaci\u00f3n del propio negocio.<\/li>\n<li>Consentimiento del usuario:\n<ul>\n<li>La recogida de datos personales mediante mensajes de correo electr\u00f3nico y\/o a trav\u00e9s de nuestra p\u00e1gina web, supone el consentimiento expreso del usuario para la incorporaci\u00f3n de sus datos a nuestros ficheros as\u00ed como para el env\u00edo de comunicaciones v\u00eda correo electr\u00f3nico y\/u otros medios de comunicaci\u00f3n electr\u00f3nica con informaci\u00f3n tur\u00edstica o de nuestros servicios.<\/li>\n<li>En cumplimiento de la Ley 34\/2002 de Servicios de la Sociedad de la Informaci\u00f3n y Comercio Electr\u00f3nico, XICOL SC informa al cliente que podr\u00e1 manifestar su negativa a los tratamientos comerciales y publicitarios de sus datos en forma dispuesta en el presente aviso legal as\u00ed como darse de baja de este tipo de comunicaciones, siguiendo las instrucciones que aparecen al final de todos nuestros correos electr\u00f3nicos comerciales o comunic\u00e1ndolo por escrito a la direcci\u00f3n de correo electr\u00f3nico\u00a0<a href=\"mailto:info @laquintajusta.cat\">info@laquintajusta.cat<\/a> o en la siguiente direcci\u00f3n de correo postal: Ps. Barcelona, \u200b\u200b7, 17800 Olot (Gerona).<\/li>\n<\/ul>\n<\/li>\n<\/ul>\n<ul>\n<li>Derechos de acceso, recticaci\u00f3n, oposici\u00f3n y cancelaci\u00f3n de los usuarios: el usuario podr\u00e1 ejercer sus derechos de acceso, recticaci\u00f3n, oposici\u00f3n y cancelaci\u00f3n en los t\u00e9rminos previstos en la LOPD y su normativa de desarrollo mediante escrito dirigido a XICOL SC con domicilio en Ps. Barcelona, \u200b\u200b7, 17800 Olot (Girona), o mediante la direcci\u00f3n de correo electr\u00f3nico\u00a0<a href=\"mailto:info@laquintajusta.cat\">info@laquintajusta.cat<\/a>, indicando en todo caso la referencia LOPD. La solicitud deber\u00e1 ir acompa\u00f1ada de una copia de su DNI.<\/li>\n<li>Confidencialidad: en cumplimiento de la normativa vigente, XICOL SC se compromete a cumplir su obligaci\u00f3n de secreto respecto de los datos personales que el usuario facilite durante la navegaci\u00f3n a trav\u00e9s de la p\u00e1gina web.<\/li>\n<li>Actualizaci\u00f3n de la pol\u00edtica de privacidad: XICOL SC puede modificar y actualizar esta pol\u00edtca de privacidad en cualquier momento sin previo aviso. Compruebe siempre que est\u00e1 al corriente de nuestra pol\u00edtica de privacidad para estar informado en todo momento de la informaci\u00f3n que se recopila a trav\u00e9s de la web y de c\u00f3mo la utilizamos.<\/li>\n<\/ul>\n[\/vc_column_text][\/vc_column][\/vc_row]\n","protected":false},"excerpt":{"rendered":"<p>[vc_row type=\u00bbin_container\u00bb full_screen_row_position=\u00bbmiddle\u00bb column_margin=\u00bbdefault\u00bb column_direction=\u00bbdefault\u00bb column_direction_tablet=\u00bbdefault\u00bb column_direction_phone=\u00bbdefault\u00bb scene_position=\u00bbcenter\u00bb text_color=\u00bbdark\u00bb text_align=\u00bbleft\u00bb row_border_radius=\u00bbnone\u00bb row_border_radius_applies=\u00bbbg\u00bb overflow=\u00bbvisible\u00bb overlay_strength=\u00bb0.3&#8243; gradient_direction=\u00bbleft_to_right\u00bb shape_divider_position=\u00bbbottom\u00bb bg_image_animation=\u00bbnone\u00bb][vc_column column_padding=\u00bbno-extra-padding\u00bb column_padding_tablet=\u00bbinherit\u00bb column_padding_phone=\u00bbinherit\u00bb column_padding_position=\u00bball\u00bb column_element_direction_desktop=\u00bbdefault\u00bb column_element_spacing=\u00bbdefault\u00bb desktop_text_alignment=\u00bbdefault\u00bb tablet_text_alignment=\u00bbdefault\u00bb phone_text_alignment=\u00bbdefault\u00bb background_color_opacity=\u00bb1&#8243; background_hover_color_opacity=\u00bb1&#8243; column_backdrop_filter=\u00bbnone\u00bb column_shadow=\u00bbnone\u00bb&#8230;<\/p>\n","protected":false},"author":4,"featured_media":0,"parent":0,"menu_order":0,"comment_status":"closed","ping_status":"open","template":"","meta":{"footnotes":""},"class_list":["post-200","page","type-page","status-publish"],"_links":{"self":[{"href":"https:\/\/www.laquintajusta.cat\/es\/wp-json\/wp\/v2\/pages\/200","targetHints":{"allow":["GET"]}}],"collection":[{"href":"https:\/\/www.laquintajusta.cat\/es\/wp-json\/wp\/v2\/pages"}],"about":[{"href":"https:\/\/www.laquintajusta.cat\/es\/wp-json\/wp\/v2\/types\/page"}],"author":[{"embeddable":true,"href":"https:\/\/www.laquintajusta.cat\/es\/wp-json\/wp\/v2\/users\/4"}],"replies":[{"embeddable":true,"href":"https:\/\/www.laquintajusta.cat\/es\/wp-json\/wp\/v2\/comments?post=200"}],"version-history":[{"count":2,"href":"https:\/\/www.laquintajusta.cat\/es\/wp-json\/wp\/v2\/pages\/200\/revisions"}],"predecessor-version":[{"id":202,"href":"https:\/\/www.laquintajusta.cat\/es\/wp-json\/wp\/v2\/pages\/200\/revisions\/202"}],"wp:attachment":[{"href":"https:\/\/www.laquintajusta.cat\/es\/wp-json\/wp\/v2\/media?parent=200"}],"curies":[{"name":"wp","href":"https:\/\/api.w.org\/{rel}","templated":true}]}}